{"id":61,"date":"2023-03-04T18:44:17","date_gmt":"2023-03-04T17:44:17","guid":{"rendered":"http:\/\/hapidiving.be\/wordpress\/?page_id=61"},"modified":"2025-10-18T18:29:56","modified_gmt":"2025-10-18T16:29:56","slug":"galerie","status":"publish","type":"page","link":"https:\/\/hapidiving.be\/wordpress\/index.php\/galerie\/","title":{"rendered":"Galerie"},"content":{"rendered":"\t\t<div data-elementor-type=\"wp-page\" data-elementor-id=\"61\" class=\"elementor elementor-61\">\n\t\t\t\t\t\t<section class=\"elementor-section elementor-top-section elementor-element elementor-element-465d34f elementor-section-boxed elementor-section-height-default elementor-section-height-default\" data-id=\"465d34f\" data-element_type=\"section\" data-e-type=\"section\">\n\t\t\t\t\t\t<div class=\"elementor-container elementor-column-gap-default\">\n\t\t\t\t\t<div class=\"elementor-column elementor-col-100 elementor-top-column elementor-element elementor-element-46302b5d\" data-id=\"46302b5d\" data-element_type=\"column\" data-e-type=\"column\">\n\t\t\t<div class=\"elementor-widget-wrap elementor-element-populated\">\n\t\t\t\t\t\t<div class=\"elementor-element elementor-element-693a86a elementor-widget elementor-widget-heading\" data-id=\"693a86a\" data-element_type=\"widget\" data-e-type=\"widget\" data-widget_type=\"heading.default\">\n\t\t\t\t<div class=\"elementor-widget-container\">\n\t\t\t\t\t<h2 class=\"elementor-heading-title elementor-size-default\">Galerie<\/h2>\t\t\t\t<\/div>\n\t\t\t\t<\/div>\n\t\t\t\t<div class=\"elementor-element elementor-element-e6d36df elementor-widget elementor-widget-text-editor\" data-id=\"e6d36df\" data-element_type=\"widget\" data-e-type=\"widget\" data-widget_type=\"text-editor.default\">\n\t\t\t\t<div class=\"elementor-widget-container\">\n\t\t\t\t\t\t\t\t\t<p>Sortie TODI \u00a9 2018 :<\/p><div id=\"ConnectiveDocSignExtentionInstalled\" data-extension-version=\"1.0.4\">\u00a0<\/div>\t\t\t\t\t\t\t\t<\/div>\n\t\t\t\t<\/div>\n\t\t\t\t<div class=\"elementor-element elementor-element-20cadc2 elementor-widget__width-auto elementor-widget elementor-widget-video\" data-id=\"20cadc2\" data-element_type=\"widget\" data-e-type=\"widget\" data-settings=\"{&quot;youtube_url&quot;:&quot;https:\\\/\\\/youtu.be\\\/jyA4d-dz8oA&quot;,&quot;video_type&quot;:&quot;youtube&quot;,&quot;controls&quot;:&quot;yes&quot;}\" data-widget_type=\"video.default\">\n\t\t\t\t<div class=\"elementor-widget-container\">\n\t\t\t\t\t\t\t<div class=\"elementor-wrapper elementor-open-inline\">\n\t\t\t<div class=\"elementor-video\"><\/div>\t\t<\/div>\n\t\t\t\t\t\t<\/div>\n\t\t\t\t<\/div>\n\t\t\t\t<div class=\"elementor-element elementor-element-ad4aa68 elementor-widget-divider--view-line elementor-widget elementor-widget-divider\" data-id=\"ad4aa68\" data-element_type=\"widget\" data-e-type=\"widget\" data-widget_type=\"divider.default\">\n\t\t\t\t<div class=\"elementor-widget-container\">\n\t\t\t\t\t\t\t<div class=\"elementor-divider\">\n\t\t\t<span class=\"elementor-divider-separator\">\n\t\t\t\t\t\t<\/span>\n\t\t<\/div>\n\t\t\t\t\t\t<\/div>\n\t\t\t\t<\/div>\n\t\t\t\t<div class=\"elementor-element elementor-element-bbced60 elementor-widget elementor-widget-text-editor\" data-id=\"bbced60\" data-element_type=\"widget\" data-e-type=\"widget\" data-widget_type=\"text-editor.default\">\n\t\t\t\t<div class=\"elementor-widget-container\">\n\t\t\t\t\t\t\t\t\t<p>Sortie \u00e0 La Gombe &#8211; Esneux :<\/p>\n<div id=\"ConnectiveDocSignExtentionInstalled\" data-extension-version=\"1.0.4\">\u00a0<\/div>\t\t\t\t\t\t\t\t<\/div>\n\t\t\t\t<\/div>\n\t\t\t\t<div class=\"elementor-element elementor-element-03733db elementor-widget__width-auto elementor-widget elementor-widget-video\" data-id=\"03733db\" data-element_type=\"widget\" data-e-type=\"widget\" data-settings=\"{&quot;youtube_url&quot;:&quot;https:\\\/\\\/youtu.be\\\/OAXk4mu-qVU&quot;,&quot;video_type&quot;:&quot;youtube&quot;,&quot;controls&quot;:&quot;yes&quot;}\" data-widget_type=\"video.default\">\n\t\t\t\t<div class=\"elementor-widget-container\">\n\t\t\t\t\t\t\t<div class=\"elementor-wrapper elementor-open-inline\">\n\t\t\t<div class=\"elementor-video\"><\/div>\t\t<\/div>\n\t\t\t\t\t\t<\/div>\n\t\t\t\t<\/div>\n\t\t\t\t<div class=\"elementor-element elementor-element-d77747b elementor-widget-divider--view-line elementor-widget elementor-widget-divider\" data-id=\"d77747b\" data-element_type=\"widget\" data-e-type=\"widget\" data-widget_type=\"divider.default\">\n\t\t\t\t<div class=\"elementor-widget-container\">\n\t\t\t\t\t\t\t<div class=\"elementor-divider\">\n\t\t\t<span class=\"elementor-divider-separator\">\n\t\t\t\t\t\t<\/span>\n\t\t<\/div>\n\t\t\t\t\t\t<\/div>\n\t\t\t\t<\/div>\n\t\t\t\t<div class=\"elementor-element elementor-element-76a0b62 elementor-widget elementor-widget-text-editor\" data-id=\"76a0b62\" data-element_type=\"widget\" data-e-type=\"widget\" data-widget_type=\"text-editor.default\">\n\t\t\t\t<div class=\"elementor-widget-container\">\n\t\t\t\t\t\t\t\t\t<p>Voyage Egypte 2022 avec Diving Attitude \u00a9 :<\/p><div id=\"ConnectiveDocSignExtentionInstalled\" data-extension-version=\"1.0.4\">\u00a0<\/div>\t\t\t\t\t\t\t\t<\/div>\n\t\t\t\t<\/div>\n\t\t\t\t<div class=\"elementor-element elementor-element-7ce9376 elementor-widget__width-initial elementor-widget elementor-widget-video\" data-id=\"7ce9376\" data-element_type=\"widget\" data-e-type=\"widget\" data-settings=\"{&quot;youtube_url&quot;:&quot;https:\\\/\\\/youtu.be\\\/dFuyvU7UPBA&quot;,&quot;video_type&quot;:&quot;youtube&quot;,&quot;controls&quot;:&quot;yes&quot;}\" data-widget_type=\"video.default\">\n\t\t\t\t<div class=\"elementor-widget-container\">\n\t\t\t\t\t\t\t<div class=\"elementor-wrapper elementor-open-inline\">\n\t\t\t<div class=\"elementor-video\"><\/div>\t\t<\/div>\n\t\t\t\t\t\t<\/div>\n\t\t\t\t<\/div>\n\t\t\t\t<div class=\"elementor-element elementor-element-e215fcd elementor-widget-divider--view-line elementor-widget elementor-widget-divider\" data-id=\"e215fcd\" data-element_type=\"widget\" data-e-type=\"widget\" data-widget_type=\"divider.default\">\n\t\t\t\t<div class=\"elementor-widget-container\">\n\t\t\t\t\t\t\t<div class=\"elementor-divider\">\n\t\t\t<span class=\"elementor-divider-separator\">\n\t\t\t\t\t\t<\/span>\n\t\t<\/div>\n\t\t\t\t\t\t<\/div>\n\t\t\t\t<\/div>\n\t\t\t\t<div class=\"elementor-element elementor-element-d4f7df3 elementor-widget elementor-widget-text-editor\" data-id=\"d4f7df3\" data-element_type=\"widget\" data-e-type=\"widget\" data-widget_type=\"text-editor.default\">\n\t\t\t\t<div class=\"elementor-widget-container\">\n\t\t\t\t\t\t\t\t\t<p>TODI \u00a9 2025 :<\/p><div id=\"ConnectiveDocSignExtentionInstalled\" data-extension-version=\"1.0.4\">\u00a0<\/div>\t\t\t\t\t\t\t\t<\/div>\n\t\t\t\t<\/div>\n\t\t\t\t<div class=\"elementor-element elementor-element-c319194 elementor-widget__width-initial elementor-widget elementor-widget-video\" data-id=\"c319194\" data-element_type=\"widget\" data-e-type=\"widget\" data-settings=\"{&quot;youtube_url&quot;:&quot;https:\\\/\\\/youtu.be\\\/4EQnwovPtdc&quot;,&quot;video_type&quot;:&quot;youtube&quot;,&quot;controls&quot;:&quot;yes&quot;}\" data-widget_type=\"video.default\">\n\t\t\t\t<div class=\"elementor-widget-container\">\n\t\t\t\t\t\t\t<div class=\"elementor-wrapper elementor-open-inline\">\n\t\t\t<div class=\"elementor-video\"><\/div>\t\t<\/div>\n\t\t\t\t\t\t<\/div>\n\t\t\t\t<\/div>\n\t\t\t\t\t<\/div>\n\t\t<\/div>\n\t\t\t\t\t<\/div>\n\t\t<\/section>\n\t\t\t\t<\/div>\n\t\t","protected":false},"excerpt":{"rendered":"<p>Galerie Sortie TODI \u00a9 2018 : \u00a0https:\/\/youtu.be\/jyA4d-dz8oA Sortie \u00e0 La Gombe &#8211; Esneux : \u00a0https:\/\/youtu.be\/OAXk4mu-qVU Voyage Egypte 2022 avec Diving Attitude \u00a9 : \u00a0https:\/\/youtu.be\/dFuyvU7UPBA TODI \u00a9 2025 : \u00a0https:\/\/youtu.be\/4EQnwovPtdc<\/p>\n","protected":false},"author":1,"featured_media":0,"parent":0,"menu_order":0,"comment_status":"closed","ping_status":"closed","template":"elementor_header_footer","meta":{"neve_meta_sidebar":"","neve_meta_container":"","neve_meta_enable_content_width":"","neve_meta_content_width":0,"neve_meta_title_alignment":"","neve_meta_author_avatar":"","neve_post_elements_order":"","neve_meta_disable_header":"","neve_meta_disable_footer":"","neve_meta_disable_title":"","footnotes":""},"class_list":["post-61","page","type-page","status-publish","hentry"],"yoast_head":"<!-- This site is optimized with the Yoast SEO plugin v27.3 - https:\/\/yoast.com\/product\/yoast-seo-wordpress\/ -->\n<title>Galerie - HAPI Diving - Club de plong\u00e9e et apn\u00e9e - Li\u00e8ge \/ Haccourt<\/title>\n<meta name=\"description\" content=\"Visionnez quelques uns de nos reportages vid\u00e9os lors de nos sorties \/ vacances. Galerie - HAPI Diving - Club de plong\u00e9e et apn\u00e9e - Li\u00e8ge \/ Haccourt\" \/>\n<meta name=\"robots\" content=\"index, follow, max-snippet:-1, max-image-preview:large, max-video-preview:-1\" \/>\n<link rel=\"canonical\" href=\"https:\/\/hapidiving.be\/wordpress\/index.php\/galerie\/\" \/>\n<meta property=\"og:locale\" content=\"fr_FR\" \/>\n<meta property=\"og:type\" content=\"article\" \/>\n<meta property=\"og:title\" content=\"Galerie - HAPI Diving - Club de plong\u00e9e et apn\u00e9e - Li\u00e8ge \/ Haccourt\" \/>\n<meta property=\"og:description\" content=\"Visionnez quelques uns de nos reportages vid\u00e9os lors de nos sorties \/ vacances. Galerie - HAPI Diving - Club de plong\u00e9e et apn\u00e9e - Li\u00e8ge \/ Haccourt\" \/>\n<meta property=\"og:url\" content=\"https:\/\/hapidiving.be\/wordpress\/index.php\/galerie\/\" \/>\n<meta property=\"og:site_name\" content=\"HAPI Diving\" \/>\n<meta property=\"article:publisher\" content=\"https:\/\/www.facebook.com\/hapidiving\" \/>\n<meta property=\"article:modified_time\" content=\"2025-10-18T16:29:56+00:00\" \/>\n<meta name=\"twitter:card\" content=\"summary_large_image\" \/>\n<meta name=\"twitter:label1\" content=\"Dur\u00e9e de lecture estim\u00e9e\" \/>\n\t<meta name=\"twitter:data1\" content=\"1 minute\" \/>\n<script type=\"application\/ld+json\" class=\"yoast-schema-graph\">{\"@context\":\"https:\\\/\\\/schema.org\",\"@graph\":[{\"@type\":\"WebPage\",\"@id\":\"https:\\\/\\\/hapidiving.be\\\/wordpress\\\/index.php\\\/galerie\\\/\",\"url\":\"https:\\\/\\\/hapidiving.be\\\/wordpress\\\/index.php\\\/galerie\\\/\",\"name\":\"Galerie - HAPI Diving - Club de plong\u00e9e et apn\u00e9e - Li\u00e8ge \\\/ Haccourt\",\"isPartOf\":{\"@id\":\"https:\\\/\\\/hapidiving.be\\\/wordpress\\\/#website\"},\"datePublished\":\"2023-03-04T17:44:17+00:00\",\"dateModified\":\"2025-10-18T16:29:56+00:00\",\"description\":\"Visionnez quelques uns de nos reportages vid\u00e9os lors de nos sorties \\\/ vacances. Galerie - HAPI Diving - Club de plong\u00e9e et apn\u00e9e - Li\u00e8ge \\\/ Haccourt\",\"breadcrumb\":{\"@id\":\"https:\\\/\\\/hapidiving.be\\\/wordpress\\\/index.php\\\/galerie\\\/#breadcrumb\"},\"inLanguage\":\"fr-FR\",\"potentialAction\":[{\"@type\":\"ReadAction\",\"target\":[\"https:\\\/\\\/hapidiving.be\\\/wordpress\\\/index.php\\\/galerie\\\/\"]}]},{\"@type\":\"BreadcrumbList\",\"@id\":\"https:\\\/\\\/hapidiving.be\\\/wordpress\\\/index.php\\\/galerie\\\/#breadcrumb\",\"itemListElement\":[{\"@type\":\"ListItem\",\"position\":1,\"name\":\"Accueil\",\"item\":\"https:\\\/\\\/hapidiving.be\\\/wordpress\\\/\"},{\"@type\":\"ListItem\",\"position\":2,\"name\":\"Galerie\"}]},{\"@type\":\"WebSite\",\"@id\":\"https:\\\/\\\/hapidiving.be\\\/wordpress\\\/#website\",\"url\":\"https:\\\/\\\/hapidiving.be\\\/wordpress\\\/\",\"name\":\"HAPI Diving\",\"description\":\"Haccourt Apn\u00e9e et Plong\u00e9e Interf\u00e9d\u00e9rations\",\"publisher\":{\"@id\":\"https:\\\/\\\/hapidiving.be\\\/wordpress\\\/#organization\"},\"potentialAction\":[{\"@type\":\"SearchAction\",\"target\":{\"@type\":\"EntryPoint\",\"urlTemplate\":\"https:\\\/\\\/hapidiving.be\\\/wordpress\\\/?s={search_term_string}\"},\"query-input\":{\"@type\":\"PropertyValueSpecification\",\"valueRequired\":true,\"valueName\":\"search_term_string\"}}],\"inLanguage\":\"fr-FR\"},{\"@type\":\"Organization\",\"@id\":\"https:\\\/\\\/hapidiving.be\\\/wordpress\\\/#organization\",\"name\":\"HAPI Diving\",\"url\":\"https:\\\/\\\/hapidiving.be\\\/wordpress\\\/\",\"logo\":{\"@type\":\"ImageObject\",\"inLanguage\":\"fr-FR\",\"@id\":\"https:\\\/\\\/hapidiving.be\\\/wordpress\\\/#\\\/schema\\\/logo\\\/image\\\/\",\"url\":\"https:\\\/\\\/hapidiving.be\\\/wordpress\\\/wp-content\\\/uploads\\\/2023\\\/03\\\/cropped-Hapi-Diving-Logo-Stickers.png\",\"contentUrl\":\"https:\\\/\\\/hapidiving.be\\\/wordpress\\\/wp-content\\\/uploads\\\/2023\\\/03\\\/cropped-Hapi-Diving-Logo-Stickers.png\",\"width\":1372,\"height\":862,\"caption\":\"HAPI Diving\"},\"image\":{\"@id\":\"https:\\\/\\\/hapidiving.be\\\/wordpress\\\/#\\\/schema\\\/logo\\\/image\\\/\"},\"sameAs\":[\"https:\\\/\\\/www.facebook.com\\\/hapidiving\"]}]}<\/script>\n<!-- \/ Yoast SEO plugin. -->","yoast_head_json":{"title":"Galerie - HAPI Diving - Club de plong\u00e9e et apn\u00e9e - Li\u00e8ge \/ Haccourt","description":"Visionnez quelques uns de nos reportages vid\u00e9os lors de nos sorties \/ vacances. Galerie - HAPI Diving - Club de plong\u00e9e et apn\u00e9e - Li\u00e8ge \/ Haccourt","robots":{"index":"index","follow":"follow","max-snippet":"max-snippet:-1","max-image-preview":"max-image-preview:large","max-video-preview":"max-video-preview:-1"},"canonical":"https:\/\/hapidiving.be\/wordpress\/index.php\/galerie\/","og_locale":"fr_FR","og_type":"article","og_title":"Galerie - HAPI Diving - Club de plong\u00e9e et apn\u00e9e - Li\u00e8ge \/ Haccourt","og_description":"Visionnez quelques uns de nos reportages vid\u00e9os lors de nos sorties \/ vacances. Galerie - HAPI Diving - Club de plong\u00e9e et apn\u00e9e - Li\u00e8ge \/ Haccourt","og_url":"https:\/\/hapidiving.be\/wordpress\/index.php\/galerie\/","og_site_name":"HAPI Diving","article_publisher":"https:\/\/www.facebook.com\/hapidiving","article_modified_time":"2025-10-18T16:29:56+00:00","twitter_card":"summary_large_image","twitter_misc":{"Dur\u00e9e de lecture estim\u00e9e":"1 minute"},"schema":{"@context":"https:\/\/schema.org","@graph":[{"@type":"WebPage","@id":"https:\/\/hapidiving.be\/wordpress\/index.php\/galerie\/","url":"https:\/\/hapidiving.be\/wordpress\/index.php\/galerie\/","name":"Galerie - HAPI Diving - Club de plong\u00e9e et apn\u00e9e - Li\u00e8ge \/ Haccourt","isPartOf":{"@id":"https:\/\/hapidiving.be\/wordpress\/#website"},"datePublished":"2023-03-04T17:44:17+00:00","dateModified":"2025-10-18T16:29:56+00:00","description":"Visionnez quelques uns de nos reportages vid\u00e9os lors de nos sorties \/ vacances. Galerie - HAPI Diving - Club de plong\u00e9e et apn\u00e9e - Li\u00e8ge \/ Haccourt","breadcrumb":{"@id":"https:\/\/hapidiving.be\/wordpress\/index.php\/galerie\/#breadcrumb"},"inLanguage":"fr-FR","potentialAction":[{"@type":"ReadAction","target":["https:\/\/hapidiving.be\/wordpress\/index.php\/galerie\/"]}]},{"@type":"BreadcrumbList","@id":"https:\/\/hapidiving.be\/wordpress\/index.php\/galerie\/#breadcrumb","itemListElement":[{"@type":"ListItem","position":1,"name":"Accueil","item":"https:\/\/hapidiving.be\/wordpress\/"},{"@type":"ListItem","position":2,"name":"Galerie"}]},{"@type":"WebSite","@id":"https:\/\/hapidiving.be\/wordpress\/#website","url":"https:\/\/hapidiving.be\/wordpress\/","name":"HAPI Diving","description":"Haccourt Apn\u00e9e et Plong\u00e9e Interf\u00e9d\u00e9rations","publisher":{"@id":"https:\/\/hapidiving.be\/wordpress\/#organization"},"potentialAction":[{"@type":"SearchAction","target":{"@type":"EntryPoint","urlTemplate":"https:\/\/hapidiving.be\/wordpress\/?s={search_term_string}"},"query-input":{"@type":"PropertyValueSpecification","valueRequired":true,"valueName":"search_term_string"}}],"inLanguage":"fr-FR"},{"@type":"Organization","@id":"https:\/\/hapidiving.be\/wordpress\/#organization","name":"HAPI Diving","url":"https:\/\/hapidiving.be\/wordpress\/","logo":{"@type":"ImageObject","inLanguage":"fr-FR","@id":"https:\/\/hapidiving.be\/wordpress\/#\/schema\/logo\/image\/","url":"https:\/\/hapidiving.be\/wordpress\/wp-content\/uploads\/2023\/03\/cropped-Hapi-Diving-Logo-Stickers.png","contentUrl":"https:\/\/hapidiving.be\/wordpress\/wp-content\/uploads\/2023\/03\/cropped-Hapi-Diving-Logo-Stickers.png","width":1372,"height":862,"caption":"HAPI Diving"},"image":{"@id":"https:\/\/hapidiving.be\/wordpress\/#\/schema\/logo\/image\/"},"sameAs":["https:\/\/www.facebook.com\/hapidiving"]}]}},"_links":{"self":[{"href":"https:\/\/hapidiving.be\/wordpress\/index.php\/wp-json\/wp\/v2\/pages\/61","targetHints":{"allow":["GET"]}}],"collection":[{"href":"https:\/\/hapidiving.be\/wordpress\/index.php\/wp-json\/wp\/v2\/pages"}],"about":[{"href":"https:\/\/hapidiving.be\/wordpress\/index.php\/wp-json\/wp\/v2\/types\/page"}],"author":[{"embeddable":true,"href":"https:\/\/hapidiving.be\/wordpress\/index.php\/wp-json\/wp\/v2\/users\/1"}],"replies":[{"embeddable":true,"href":"https:\/\/hapidiving.be\/wordpress\/index.php\/wp-json\/wp\/v2\/comments?post=61"}],"version-history":[{"count":21,"href":"https:\/\/hapidiving.be\/wordpress\/index.php\/wp-json\/wp\/v2\/pages\/61\/revisions"}],"predecessor-version":[{"id":728,"href":"https:\/\/hapidiving.be\/wordpress\/index.php\/wp-json\/wp\/v2\/pages\/61\/revisions\/728"}],"wp:attachment":[{"href":"https:\/\/hapidiving.be\/wordpress\/index.php\/wp-json\/wp\/v2\/media?parent=61"}],"curies":[{"name":"wp","href":"https:\/\/api.w.org\/{rel}","templated":true}]}}