{"id":9,"date":"2023-03-04T18:43:54","date_gmt":"2023-03-04T17:43:54","guid":{"rendered":"http:\/\/hapidiving.be\/wordpress\/?page_id=9"},"modified":"2026-05-14T19:47:07","modified_gmt":"2026-05-14T17:47:07","slug":"contact","status":"publish","type":"page","link":"https:\/\/hapidiving.be\/?page_id=9","title":{"rendered":"Contact"},"content":{"rendered":"\t\t<div data-elementor-type=\"wp-page\" data-elementor-id=\"9\" class=\"elementor elementor-9\">\n\t\t\t\t\t\t<section class=\"elementor-section elementor-top-section elementor-element elementor-element-1070dcfe elementor-section-boxed elementor-section-height-default elementor-section-height-default\" data-id=\"1070dcfe\" data-element_type=\"section\" data-e-type=\"section\">\n\t\t\t\t\t\t<div class=\"elementor-container elementor-column-gap-default\">\n\t\t\t\t\t<div class=\"elementor-column elementor-col-100 elementor-top-column elementor-element elementor-element-5c03489b\" data-id=\"5c03489b\" data-element_type=\"column\" data-e-type=\"column\">\n\t\t\t<div class=\"elementor-widget-wrap elementor-element-populated\">\n\t\t\t\t\t\t<div class=\"elementor-element elementor-element-9cdd490 elementor-widget elementor-widget-heading\" data-id=\"9cdd490\" data-element_type=\"widget\" data-e-type=\"widget\" data-widget_type=\"heading.default\">\n\t\t\t\t<div class=\"elementor-widget-container\">\n\t\t\t\t\t<h2 class=\"elementor-heading-title elementor-size-default\">Nous contacter<\/h2>\t\t\t\t<\/div>\n\t\t\t\t<\/div>\n\t\t\t\t<div class=\"elementor-element elementor-element-e66eac5 elementor-widget__width-initial elementor-absolute elementor-view-default elementor-widget elementor-widget-icon\" data-id=\"e66eac5\" data-element_type=\"widget\" data-e-type=\"widget\" data-settings=\"{&quot;_position&quot;:&quot;absolute&quot;}\" data-widget_type=\"icon.default\">\n\t\t\t\t<div class=\"elementor-widget-container\">\n\t\t\t\t\t\t\t<div class=\"elementor-icon-wrapper\">\n\t\t\t<div class=\"elementor-icon\">\n\t\t\t<i aria-hidden=\"true\" class=\"fas fa-at\"><\/i>\t\t\t<\/div>\n\t\t<\/div>\n\t\t\t\t\t\t<\/div>\n\t\t\t\t<\/div>\n\t\t\t\t<div class=\"elementor-element elementor-element-0373cf2 elementor-widget__width-initial elementor-view-default elementor-widget elementor-widget-icon\" data-id=\"0373cf2\" data-element_type=\"widget\" data-e-type=\"widget\" data-widget_type=\"icon.default\">\n\t\t\t\t<div class=\"elementor-widget-container\">\n\t\t\t\t\t\t\t<div class=\"elementor-icon-wrapper\">\n\t\t\t<div class=\"elementor-icon\">\n\t\t\t<i aria-hidden=\"true\" class=\"fas fa-phone-alt\"><\/i>\t\t\t<\/div>\n\t\t<\/div>\n\t\t\t\t\t\t<\/div>\n\t\t\t\t<\/div>\n\t\t\t\t<div class=\"elementor-element elementor-element-32a68ff7 elementor-widget__width-initial elementor-widget elementor-widget-text-editor\" data-id=\"32a68ff7\" data-element_type=\"widget\" data-e-type=\"widget\" data-widget_type=\"text-editor.default\">\n\t\t\t\t<div class=\"elementor-widget-container\">\n\t\t\t\t\t\t\t\t\t<p>Vous d\u00e9sirez plus de renseignements ? L&rsquo;apn\u00e9e ou la plong\u00e9e vous int\u00e9resse ? N&rsquo;h\u00e9sitez pas \u00e0 prendre contact avec nous !<\/p>\n<p><!-- \/wp:paragraph --><!-- wp:paragraph --><\/p>\n<p><em>Le responsable des cours de plong\u00e9e :<\/em><\/p>\n<p><!-- \/wp:paragraph --><!-- wp:paragraph --><\/p>\n<p><strong>\u00a0 \u00a0 \u00a0 \u00a0 \u00a0 \u00a0 \u00a0 \u00a0 \u00a0 \u00a0 \u00a0 \u00a0 \u00a0 \u00a0 \u00a0 \u00a0 \u00a0 \u00a0 \u00a0 \u00a0Michel Minute<\/strong> : +32485\/ 982 172 ou par <span style=\"text-decoration: underline;\"><span style=\"color: #00ff00; text-decoration: underline;\"><a style=\"color: #00ff00; text-decoration: underline;\" href=\"mailto:michel.minute@cybernet.be?subject=Demande renseignement via hapidiving.be\">mail<\/a><\/span><\/span>;<\/p>\n<p><!-- \/wp:paragraph --><!-- wp:paragraph --><\/p>\n<p><!-- \/wp:paragraph --><!-- wp:paragraph --><\/p>\n<p>\u00a0<\/p>\n<p><em>Le responsable des cours d&rsquo;apn\u00e9e :<\/em><\/p>\n<p><!-- \/wp:paragraph --><!-- wp:paragraph --><\/p>\n<p><strong>\u00a0 \u00a0 \u00a0 \u00a0 \u00a0 \u00a0 \u00a0 \u00a0 \u00a0 \u00a0 \u00a0 \u00a0 \u00a0 \u00a0 \u00a0 \u00a0 \u00a0 \u00a0 \u00a0 \u00a0 \u00a0 Pierre Gal\u00e8re<\/strong> : +32475\/ 219 855 ou par <span style=\"text-decoration: underline;\"><span style=\"color: #00ff00; text-decoration: underline;\"><a style=\"color: #00ff00; text-decoration: underline;\" href=\"mailto:pierre.galere@yahoo.com?subject=Demande renseignement via hapidiving.be\">mail<\/a><\/span><\/span>;<\/p>\n<p><!-- \/wp:paragraph --><!-- wp:paragraph --><\/p>\n<p><!-- \/wp:paragraph --><!-- wp:paragraph --><\/p>\n<p>\u00a0<\/p>\n<p><em>Renseignements g\u00e9n\u00e9raux :<\/em><\/p>\n<p><!-- \/wp:paragraph --><!-- wp:paragraph --><\/p>\n<p><strong>\u00a0 \u00a0 \u00a0 \u00a0 \u00a0 \u00a0 \u00a0 \u00a0 \u00a0 \u00a0 \u00a0 \u00a0 \u00a0 \u00a0 \u00a0 \u00a0 \u00a0 \u00a0 \u00a0 \u00a0 \u00a0C\u00e9dric Malaise<\/strong> : +32474\/ 935 999 ou par <span style=\"text-decoration: underline;\"><span style=\"color: #00ff00; text-decoration: underline;\"><a style=\"color: #00ff00; text-decoration: underline;\" href=\"mailto:cedric.malaise@hotmail.com?subject=Demande renseignement via hapidiving.be\">mail<\/a><\/span><\/span>;<\/p>\n<!-- wp:paragraph -->\n<p><!-- \/wp:paragraph --><!-- wp:paragraph --><\/p>\n<p>\u00a0<\/p>\n<p>________________________________________________________________________________________________________<\/p>\n<div data-extension-version=\"1.0.4\">\u00a0<\/div>\n<div id=\"ConnectiveDocSignExtentionInstalled\" data-extension-version=\"1.0.4\">\u00a0<\/div>\t\t\t\t\t\t\t\t<\/div>\n\t\t\t\t<\/div>\n\t\t\t\t<div class=\"elementor-element elementor-element-e03c259 elementor-widget__width-initial elementor-view-default elementor-widget elementor-widget-icon\" data-id=\"e03c259\" data-element_type=\"widget\" data-e-type=\"widget\" data-widget_type=\"icon.default\">\n\t\t\t\t<div class=\"elementor-widget-container\">\n\t\t\t\t\t\t\t<div class=\"elementor-icon-wrapper\">\n\t\t\t<a class=\"elementor-icon\" href=\"https:\/\/www.facebook.com\/hapidiving\" target=\"_blank\" rel=\"noopener\">\n\t\t\t<i aria-hidden=\"true\" class=\"fab fa-facebook\"><\/i>\t\t\t<\/a>\n\t\t<\/div>\n\t\t\t\t\t\t<\/div>\n\t\t\t\t<\/div>\n\t\t\t\t\t<\/div>\n\t\t<\/div>\n\t\t\t\t\t<\/div>\n\t\t<\/section>\n\t\t\t\t<\/div>\n\t\t","protected":false},"excerpt":{"rendered":"<p>Nous contacter Vous d\u00e9sirez plus de renseignements ? L&rsquo;apn\u00e9e ou la plong\u00e9e vous int\u00e9resse ? N&rsquo;h\u00e9sitez pas \u00e0 prendre contact avec nous ! Le responsable des cours de plong\u00e9e :&hellip;&nbsp;<\/p>\n","protected":false},"author":1,"featured_media":0,"parent":0,"menu_order":0,"comment_status":"closed","ping_status":"closed","template":"elementor_header_footer","meta":{"neve_meta_sidebar":"","neve_meta_container":"","neve_meta_enable_content_width":"","neve_meta_content_width":0,"neve_meta_title_alignment":"","neve_meta_author_avatar":"","neve_post_elements_order":"","neve_meta_disable_header":"","neve_meta_disable_footer":"","neve_meta_disable_title":"","footnotes":""},"class_list":["post-9","page","type-page","status-publish","hentry"],"_links":{"self":[{"href":"https:\/\/hapidiving.be\/index.php?rest_route=\/wp\/v2\/pages\/9","targetHints":{"allow":["GET"]}}],"collection":[{"href":"https:\/\/hapidiving.be\/index.php?rest_route=\/wp\/v2\/pages"}],"about":[{"href":"https:\/\/hapidiving.be\/index.php?rest_route=\/wp\/v2\/types\/page"}],"author":[{"embeddable":true,"href":"https:\/\/hapidiving.be\/index.php?rest_route=\/wp\/v2\/users\/1"}],"replies":[{"embeddable":true,"href":"https:\/\/hapidiving.be\/index.php?rest_route=%2Fwp%2Fv2%2Fcomments&post=9"}],"version-history":[{"count":51,"href":"https:\/\/hapidiving.be\/index.php?rest_route=\/wp\/v2\/pages\/9\/revisions"}],"predecessor-version":[{"id":903,"href":"https:\/\/hapidiving.be\/index.php?rest_route=\/wp\/v2\/pages\/9\/revisions\/903"}],"wp:attachment":[{"href":"https:\/\/hapidiving.be\/index.php?rest_route=%2Fwp%2Fv2%2Fmedia&parent=9"}],"curies":[{"name":"wp","href":"https:\/\/api.w.org\/{rel}","templated":true}]}}