{"id":348,"date":"2023-03-20T21:09:31","date_gmt":"2023-03-20T20:09:31","guid":{"rendered":"https:\/\/hapidiving.be\/wordpress\/?page_id=348"},"modified":"2025-10-18T18:24:38","modified_gmt":"2025-10-18T16:24:38","slug":"faq","status":"publish","type":"page","link":"https:\/\/hapidiving.be\/?page_id=348","title":{"rendered":"FAQ"},"content":{"rendered":"\t\t<div data-elementor-type=\"wp-page\" data-elementor-id=\"348\" class=\"elementor elementor-348\">\n\t\t\t\t\t\t<section class=\"elementor-section elementor-top-section elementor-element elementor-element-580bd411 elementor-section-boxed elementor-section-height-default elementor-section-height-default\" data-id=\"580bd411\" data-element_type=\"section\" data-e-type=\"section\">\n\t\t\t\t\t\t<div class=\"elementor-container elementor-column-gap-default\">\n\t\t\t\t\t<div class=\"elementor-column elementor-col-100 elementor-top-column elementor-element elementor-element-734d6e63\" data-id=\"734d6e63\" data-element_type=\"column\" data-e-type=\"column\">\n\t\t\t<div class=\"elementor-widget-wrap elementor-element-populated\">\n\t\t\t\t\t\t<div class=\"elementor-element elementor-element-528f6ac elementor-widget elementor-widget-heading\" data-id=\"528f6ac\" data-element_type=\"widget\" data-e-type=\"widget\" data-widget_type=\"heading.default\">\n\t\t\t\t<div class=\"elementor-widget-container\">\n\t\t\t\t\t<h1 class=\"elementor-heading-title elementor-size-default\">FAQ<\/h1>\t\t\t\t<\/div>\n\t\t\t\t<\/div>\n\t\t\t\t<div class=\"elementor-element elementor-element-3a79bd0 elementor-widget elementor-widget-text-editor\" data-id=\"3a79bd0\" data-element_type=\"widget\" data-e-type=\"widget\" data-widget_type=\"text-editor.default\">\n\t\t\t\t<div class=\"elementor-widget-container\">\n\t\t\t\t\t\t\t\t\t<p>Vous trouverez ici quelques questions que vous pourriez avoir et les r\u00e9ponses:<\/p>\n<div id=\"ConnectiveDocSignExtentionInstalled\" data-extension-version=\"1.0.4\">\u00a0<\/div>\t\t\t\t\t\t\t\t<\/div>\n\t\t\t\t<\/div>\n\t\t\t\t<div class=\"elementor-element elementor-element-a29a42e elementor-widget__width-initial elementor-view-default elementor-widget elementor-widget-icon\" data-id=\"a29a42e\" data-element_type=\"widget\" data-e-type=\"widget\" data-widget_type=\"icon.default\">\n\t\t\t\t<div class=\"elementor-widget-container\">\n\t\t\t\t\t\t\t<div class=\"elementor-icon-wrapper\">\n\t\t\t<div class=\"elementor-icon\">\n\t\t\t<i aria-hidden=\"true\" class=\"fas fa-question\"><\/i>\t\t\t<\/div>\n\t\t<\/div>\n\t\t\t\t\t\t<\/div>\n\t\t\t\t<\/div>\n\t\t\t\t<div class=\"elementor-element elementor-element-2891586 elementor-widget__width-initial elementor-widget elementor-widget-toggle\" data-id=\"2891586\" data-element_type=\"widget\" data-e-type=\"widget\" data-widget_type=\"toggle.default\">\n\t\t\t\t<div class=\"elementor-widget-container\">\n\t\t\t\t\t\t\t<div class=\"elementor-toggle\">\n\t\t\t\t\t\t\t<div class=\"elementor-toggle-item\">\n\t\t\t\t\t<div id=\"elementor-tab-title-4251\" class=\"elementor-tab-title\" data-tab=\"1\" role=\"button\" aria-controls=\"elementor-tab-content-4251\" aria-expanded=\"false\">\n\t\t\t\t\t\t\t\t\t\t\t\t<span class=\"elementor-toggle-icon elementor-toggle-icon-left\" aria-hidden=\"true\">\n\t\t\t\t\t\t\t\t\t\t\t\t\t\t\t<span class=\"elementor-toggle-icon-closed\"><i class=\"fas fa-caret-right\"><\/i><\/span>\n\t\t\t\t\t\t\t\t<span class=\"elementor-toggle-icon-opened\"><i class=\"elementor-toggle-icon-opened fas fa-caret-up\"><\/i><\/span>\n\t\t\t\t\t\t\t\t\t\t\t\t\t<\/span>\n\t\t\t\t\t\t\t\t\t\t\t\t<a class=\"elementor-toggle-title\" tabindex=\"0\">Comment commencer l'apn\u00e9e ou la plong\u00e9e chez HAPI Diving ?<\/a>\n\t\t\t\t\t<\/div>\n\n\t\t\t\t\t<div id=\"elementor-tab-content-4251\" class=\"elementor-tab-content elementor-clearfix\" data-tab=\"1\" role=\"region\" aria-labelledby=\"elementor-tab-title-4251\"><p>Apr\u00e8s avoir prit contact avec un des responsables, pr\u00e9sentez-vous le mardi convenu un peu avant l&rsquo;entrainement pour faire connaissance avec les encadrants.<\/p>\n<p>\u00a0<\/p>\n<p>Chez HAPI Diving, vous avez trois essais gratuits o\u00f9 vous pourrez essayer la discipline et vous faire votre propre id\u00e9e sans pour autant investir dans du mat\u00e9riel ou cotisation.<\/p>\n<div id=\"ConnectiveDocSignExtentionInstalled\" data-extension-version=\"1.0.4\">\u00a0<\/div><\/div>\n\t\t\t\t<\/div>\n\t\t\t\t\t\t\t<div class=\"elementor-toggle-item\">\n\t\t\t\t\t<div id=\"elementor-tab-title-4252\" class=\"elementor-tab-title\" data-tab=\"2\" role=\"button\" aria-controls=\"elementor-tab-content-4252\" aria-expanded=\"false\">\n\t\t\t\t\t\t\t\t\t\t\t\t<span class=\"elementor-toggle-icon elementor-toggle-icon-left\" aria-hidden=\"true\">\n\t\t\t\t\t\t\t\t\t\t\t\t\t\t\t<span class=\"elementor-toggle-icon-closed\"><i class=\"fas fa-caret-right\"><\/i><\/span>\n\t\t\t\t\t\t\t\t<span class=\"elementor-toggle-icon-opened\"><i class=\"elementor-toggle-icon-opened fas fa-caret-up\"><\/i><\/span>\n\t\t\t\t\t\t\t\t\t\t\t\t\t<\/span>\n\t\t\t\t\t\t\t\t\t\t\t\t<a class=\"elementor-toggle-title\" tabindex=\"0\">Dois-je apporter quelque chose avec moi dans mes d\u00e9buts ?<\/a>\n\t\t\t\t\t<\/div>\n\n\t\t\t\t\t<div id=\"elementor-tab-content-4252\" class=\"elementor-tab-content elementor-clearfix\" data-tab=\"2\" role=\"region\" aria-labelledby=\"elementor-tab-title-4252\"><p>Le club mettra \u00e0 votre disposition dans un premier temps le petit mat\u00e9riel tel que masque, palmes, tuba et ceinture de plomb. <\/p>\n<p>Par la suite, vous pourrez vous constituer votre propre mat\u00e9riel personnel (shorty ou petite combinaison, votre propre masque, etc)<\/p><\/div>\n\t\t\t\t<\/div>\n\t\t\t\t\t\t\t<div class=\"elementor-toggle-item\">\n\t\t\t\t\t<div id=\"elementor-tab-title-4253\" class=\"elementor-tab-title\" data-tab=\"3\" role=\"button\" aria-controls=\"elementor-tab-content-4253\" aria-expanded=\"false\">\n\t\t\t\t\t\t\t\t\t\t\t\t<span class=\"elementor-toggle-icon elementor-toggle-icon-left\" aria-hidden=\"true\">\n\t\t\t\t\t\t\t\t\t\t\t\t\t\t\t<span class=\"elementor-toggle-icon-closed\"><i class=\"fas fa-caret-right\"><\/i><\/span>\n\t\t\t\t\t\t\t\t<span class=\"elementor-toggle-icon-opened\"><i class=\"elementor-toggle-icon-opened fas fa-caret-up\"><\/i><\/span>\n\t\t\t\t\t\t\t\t\t\t\t\t\t<\/span>\n\t\t\t\t\t\t\t\t\t\t\t\t<a class=\"elementor-toggle-title\" tabindex=\"0\">Quand pourrais-je pr\u00e9tendre a ma formation et brevet d'apn\u00e9e \/ de plong\u00e9e ? Comment cel\u00e0 se passe ?<\/a>\n\t\t\t\t\t<\/div>\n\n\t\t\t\t\t<div id=\"elementor-tab-content-4253\" class=\"elementor-tab-content elementor-clearfix\" data-tab=\"3\" role=\"region\" aria-labelledby=\"elementor-tab-title-4253\"><p>Apr\u00e8s avoir d\u00e9montrer une certaine aisance lors des entrainements et en fonction de votre discipline au club HAPI Diving, vous pourrez pr\u00e9tendre \u00e0 diff\u00e9rents brevets.<\/p><p>\u00a0<\/p><p>Pour l&rsquo;apn\u00e9e,\u00a0 des sessions de brevets seront organis\u00e9es en petit groupe.<\/p><p>\u00a0<\/p><p>Pour la plong\u00e9e, apr\u00e8s avoir suivit les cours th\u00e9oriques, passer l&rsquo;examen th\u00e9orique, l&rsquo;\u00e9preuve pratique en piscine (1h d&rsquo;\u00e9preuve) et la r\u00e9alisation d&rsquo;exercices pratiques en milieu naturel (minimum 5 plong\u00e9es).<\/p><p>Suite \u00e0 quoi, une autre aventure vous attendra en tant que plongeur auton\u00f4me Protec certifi\u00e9 !<\/p><\/div>\n\t\t\t\t<\/div>\n\t\t\t\t\t\t\t<div class=\"elementor-toggle-item\">\n\t\t\t\t\t<div id=\"elementor-tab-title-4254\" class=\"elementor-tab-title\" data-tab=\"4\" role=\"button\" aria-controls=\"elementor-tab-content-4254\" aria-expanded=\"false\">\n\t\t\t\t\t\t\t\t\t\t\t\t<span class=\"elementor-toggle-icon elementor-toggle-icon-left\" aria-hidden=\"true\">\n\t\t\t\t\t\t\t\t\t\t\t\t\t\t\t<span class=\"elementor-toggle-icon-closed\"><i class=\"fas fa-caret-right\"><\/i><\/span>\n\t\t\t\t\t\t\t\t<span class=\"elementor-toggle-icon-opened\"><i class=\"elementor-toggle-icon-opened fas fa-caret-up\"><\/i><\/span>\n\t\t\t\t\t\t\t\t\t\t\t\t\t<\/span>\n\t\t\t\t\t\t\t\t\t\t\t\t<a class=\"elementor-toggle-title\" tabindex=\"0\">HAPI Diving est \"interf\u00e9d\u00e9rations\" mais sous quelle entit\u00e9 serais-je form\u00e9 ?<\/a>\n\t\t\t\t\t<\/div>\n\n\t\t\t\t\t<div id=\"elementor-tab-content-4254\" class=\"elementor-tab-content elementor-clearfix\" data-tab=\"4\" role=\"region\" aria-labelledby=\"elementor-tab-title-4254\"><p>Chez HAPI Diving, nous nous voulons partager notre passion commune, peut importe la filiale que le plongeur d\u00e9j\u00e0 exp\u00e9riment\u00e9 a parcouru.<\/p><p>Mais pour pouvoir proposer une exp\u00e9rience de qualit\u00e9, HAPI Diving est associ\u00e9 \u00e0 deux f\u00e9d\u00e9rations pour ses \u00e9coles.<\/p><p>En apn\u00e9e, la f\u00e9d\u00e9ration <span style=\"text-decoration: underline;\"><a href=\"https:\/\/www.aidainternational.org\/\" target=\"_blank\" rel=\"noopener\"><span style=\"color: #00ff00; text-decoration: underline;\">AIDA<\/span><\/a><\/span> vous proposera une formation de qualit\u00e9 dans la pratique de l&rsquo;apn\u00e9e.<\/p><p>Pour la plong\u00e9e, la f\u00e9d\u00e9ration <a href=\"https:\/\/www.protecdive.com\/fr\/\" target=\"_blank\" rel=\"noopener\"><span style=\"text-decoration: underline;\"><span style=\"color: #00ff00; text-decoration: underline;\">ProTec<\/span><\/span><\/a> vous enseignera la pratique responsable et s\u00e9rieuse de la plong\u00e9e sous-marine. Cette f\u00e9d\u00e9ration certifie des plongeurs autonome d\u00e8s le premier brevet et octroi une reconnaissance internationale (certifications DIN EN ISO)<\/p><div id=\"ConnectiveDocSignExtentionInstalled\" data-extension-version=\"1.0.4\">\u00a0<\/div><\/div>\n\t\t\t\t<\/div>\n\t\t\t\t\t\t\t<div class=\"elementor-toggle-item\">\n\t\t\t\t\t<div id=\"elementor-tab-title-4255\" class=\"elementor-tab-title\" data-tab=\"5\" role=\"button\" aria-controls=\"elementor-tab-content-4255\" aria-expanded=\"false\">\n\t\t\t\t\t\t\t\t\t\t\t\t<span class=\"elementor-toggle-icon elementor-toggle-icon-left\" aria-hidden=\"true\">\n\t\t\t\t\t\t\t\t\t\t\t\t\t\t\t<span class=\"elementor-toggle-icon-closed\"><i class=\"fas fa-caret-right\"><\/i><\/span>\n\t\t\t\t\t\t\t\t<span class=\"elementor-toggle-icon-opened\"><i class=\"elementor-toggle-icon-opened fas fa-caret-up\"><\/i><\/span>\n\t\t\t\t\t\t\t\t\t\t\t\t\t<\/span>\n\t\t\t\t\t\t\t\t\t\t\t\t<a class=\"elementor-toggle-title\" tabindex=\"0\">Je veux me lancer dans l'apprentissage de l'apn\u00e9e \/ plong\u00e9e chez HAPI Diving ... que dois-je faire ?<\/a>\n\t\t\t\t\t<\/div>\n\n\t\t\t\t\t<div id=\"elementor-tab-content-4255\" class=\"elementor-tab-content elementor-clearfix\" data-tab=\"5\" role=\"region\" aria-labelledby=\"elementor-tab-title-4255\"><p>Une fois que vous serez satisfait de vos trois essais, la partie administrative devra s&rsquo;effectuer :<\/p><ol><li><span style=\"text-decoration: underline;\">La cotisation club :<\/span> sert \u00e0 l&rsquo;entretien du mat\u00e9riel mit \u00e0 votre disposition lors des entrainements.<\/li><li><span style=\"text-decoration: underline;\">Les entr\u00e9es piscine :<\/span> qui couvrent les frais d&rsquo;occupation de la piscine (de mani\u00e8re annuelle ou plus occasionnelle ).<\/li><li><span style=\"text-decoration: underline;\">L&rsquo;assurance :<\/span> une souscription \u00e0 une assurance sportive couvrant les risques de la pratique de l\u2019activit\u00e9 subaquatique voulue (DAN, AquaMed, etc).<\/li><li><span style=\"text-decoration: underline;\">Le certificat m\u00e9dicale:<\/span> un document de non-contre indication \u00e0 la pratique de l&rsquo;activit\u00e9 subaquatique voulue (t\u00e9l\u00e9chargeable via le menu \u00ab\u00a0Documents\u00a0\u00bb).\u00a0<\/li><\/ol><p>Pour de plus ample renseignement, venez en discuter avec un de nos responsables apr\u00e8s l&rsquo;entrainement.<\/p><div id=\"ConnectiveDocSignExtentionInstalled\" data-extension-version=\"1.0.4\">\u00a0<\/div><\/div>\n\t\t\t\t<\/div>\n\t\t\t\t\t\t\t\t\t\t<script type=\"application\/ld+json\">{\"@context\":\"https:\\\/\\\/schema.org\",\"@type\":\"FAQPage\",\"mainEntity\":[{\"@type\":\"Question\",\"name\":\"Comment commencer l'apn\\u00e9e ou la plong\\u00e9e chez HAPI Diving ?\",\"acceptedAnswer\":{\"@type\":\"Answer\",\"text\":\"<p>Apr\\u00e8s avoir prit contact avec un des responsables, pr\\u00e9sentez-vous le mardi convenu un peu avant l&rsquo;entrainement pour faire connaissance avec les encadrants.<\\\/p>\\n<p>\\u00a0<\\\/p>\\n<p>Chez HAPI Diving, vous avez trois essais gratuits o\\u00f9 vous pourrez essayer la discipline et vous faire votre propre id\\u00e9e sans pour autant investir dans du mat\\u00e9riel ou cotisation.<\\\/p>\\n<div id=\\\"ConnectiveDocSignExtentionInstalled\\\" data-extension-version=\\\"1.0.4\\\">\\u00a0<\\\/div>\"}},{\"@type\":\"Question\",\"name\":\"Dois-je apporter quelque chose avec moi dans mes d\\u00e9buts ?\",\"acceptedAnswer\":{\"@type\":\"Answer\",\"text\":\"<p>Le club mettra \\u00e0 votre disposition dans un premier temps le petit mat\\u00e9riel tel que masque, palmes, tuba et ceinture de plomb. <\\\/p>\\n<p>Par la suite, vous pourrez vous constituer votre propre mat\\u00e9riel personnel (shorty ou petite combinaison, votre propre masque, etc)<\\\/p>\"}},{\"@type\":\"Question\",\"name\":\"Quand pourrais-je pr\\u00e9tendre a ma formation et brevet d'apn\\u00e9e \\\/ de plong\\u00e9e ? Comment cel\\u00e0 se passe ?\",\"acceptedAnswer\":{\"@type\":\"Answer\",\"text\":\"<p>Apr\\u00e8s avoir d\\u00e9montrer une certaine aisance lors des entrainements et en fonction de votre discipline au club HAPI Diving, vous pourrez pr\\u00e9tendre \\u00e0 diff\\u00e9rents brevets.<\\\/p><p>\\u00a0<\\\/p><p>Pour l&rsquo;apn\\u00e9e,\\u00a0 des sessions de brevets seront organis\\u00e9es en petit groupe.<\\\/p><p>\\u00a0<\\\/p><p>Pour la plong\\u00e9e, apr\\u00e8s avoir suivit les cours th\\u00e9oriques, passer l&rsquo;examen th\\u00e9orique, l&rsquo;\\u00e9preuve pratique en piscine (1h d&rsquo;\\u00e9preuve) et la r\\u00e9alisation d&rsquo;exercices pratiques en milieu naturel (minimum 5 plong\\u00e9es).<\\\/p><p>Suite \\u00e0 quoi, une autre aventure vous attendra en tant que plongeur auton\\u00f4me Protec certifi\\u00e9 !<\\\/p>\"}},{\"@type\":\"Question\",\"name\":\"HAPI Diving est \\\"interf\\u00e9d\\u00e9rations\\\" mais sous quelle entit\\u00e9 serais-je form\\u00e9 ?\",\"acceptedAnswer\":{\"@type\":\"Answer\",\"text\":\"<p>Chez HAPI Diving, nous nous voulons partager notre passion commune, peut importe la filiale que le plongeur d\\u00e9j\\u00e0 exp\\u00e9riment\\u00e9 a parcouru.<\\\/p><p>Mais pour pouvoir proposer une exp\\u00e9rience de qualit\\u00e9, HAPI Diving est associ\\u00e9 \\u00e0 deux f\\u00e9d\\u00e9rations pour ses \\u00e9coles.<\\\/p><p>En apn\\u00e9e, la f\\u00e9d\\u00e9ration <span style=\\\"text-decoration: underline;\\\"><a href=\\\"https:\\\/\\\/www.aidainternational.org\\\/\\\"><span style=\\\"color: #00ff00; text-decoration: underline;\\\">AIDA<\\\/span><\\\/a><\\\/span> vous proposera une formation de qualit\\u00e9 dans la pratique de l&rsquo;apn\\u00e9e.<\\\/p><p>Pour la plong\\u00e9e, la f\\u00e9d\\u00e9ration <a href=\\\"https:\\\/\\\/www.protecdive.com\\\/fr\\\/\\\"><span style=\\\"text-decoration: underline;\\\"><span style=\\\"color: #00ff00; text-decoration: underline;\\\">ProTec<\\\/span><\\\/span><\\\/a> vous enseignera la pratique responsable et s\\u00e9rieuse de la plong\\u00e9e sous-marine. Cette f\\u00e9d\\u00e9ration certifie des plongeurs autonome d\\u00e8s le premier brevet et octroi une reconnaissance internationale (certifications DIN EN ISO)<\\\/p><div id=\\\"ConnectiveDocSignExtentionInstalled\\\" data-extension-version=\\\"1.0.4\\\">\\u00a0<\\\/div>\"}},{\"@type\":\"Question\",\"name\":\"Je veux me lancer dans l'apprentissage de l'apn\\u00e9e \\\/ plong\\u00e9e chez HAPI Diving ... que dois-je faire ?\",\"acceptedAnswer\":{\"@type\":\"Answer\",\"text\":\"<p>Une fois que vous serez satisfait de vos trois essais, la partie administrative devra s&rsquo;effectuer :<\\\/p><ol><li><span style=\\\"text-decoration: underline;\\\">La cotisation club :<\\\/span> sert \\u00e0 l&rsquo;entretien du mat\\u00e9riel mit \\u00e0 votre disposition lors des entrainements.<\\\/li><li><span style=\\\"text-decoration: underline;\\\">Les entr\\u00e9es piscine :<\\\/span> qui couvrent les frais d&rsquo;occupation de la piscine (de mani\\u00e8re annuelle ou plus occasionnelle ).<\\\/li><li><span style=\\\"text-decoration: underline;\\\">L&rsquo;assurance :<\\\/span> une souscription \\u00e0 une assurance sportive couvrant les risques de la pratique de l\\u2019activit\\u00e9 subaquatique voulue (DAN, AquaMed, etc).<\\\/li><li><span style=\\\"text-decoration: underline;\\\">Le certificat m\\u00e9dicale:<\\\/span> un document de non-contre indication \\u00e0 la pratique de l&rsquo;activit\\u00e9 subaquatique voulue (t\\u00e9l\\u00e9chargeable via le menu \\u00ab\\u00a0Documents\\u00a0\\u00bb).\\u00a0<\\\/li><\\\/ol><p>Pour de plus ample renseignement, venez en discuter avec un de nos responsables apr\\u00e8s l&rsquo;entrainement.<\\\/p><div id=\\\"ConnectiveDocSignExtentionInstalled\\\" data-extension-version=\\\"1.0.4\\\">\\u00a0<\\\/div>\"}}]}<\/script>\n\t\t\t\t\t<\/div>\n\t\t\t\t\t\t<\/div>\n\t\t\t\t<\/div>\n\t\t\t\t\t<\/div>\n\t\t<\/div>\n\t\t\t\t\t<\/div>\n\t\t<\/section>\n\t\t\t\t<\/div>\n\t\t","protected":false},"excerpt":{"rendered":"<p>FAQ Vous trouverez ici quelques questions que vous pourriez avoir et les r\u00e9ponses: \u00a0 Comment commencer l&rsquo;apn\u00e9e ou la plong\u00e9e chez HAPI Diving ? Apr\u00e8s avoir prit contact avec un&hellip;&nbsp;<\/p>\n","protected":false},"author":1,"featured_media":0,"parent":0,"menu_order":0,"comment_status":"closed","ping_status":"closed","template":"elementor_header_footer","meta":{"neve_meta_sidebar":"","neve_meta_container":"","neve_meta_enable_content_width":"","neve_meta_content_width":0,"neve_meta_title_alignment":"","neve_meta_author_avatar":"","neve_post_elements_order":"","neve_meta_disable_header":"","neve_meta_disable_footer":"","neve_meta_disable_title":"","footnotes":""},"class_list":["post-348","page","type-page","status-publish","hentry"],"_links":{"self":[{"href":"https:\/\/hapidiving.be\/index.php?rest_route=\/wp\/v2\/pages\/348","targetHints":{"allow":["GET"]}}],"collection":[{"href":"https:\/\/hapidiving.be\/index.php?rest_route=\/wp\/v2\/pages"}],"about":[{"href":"https:\/\/hapidiving.be\/index.php?rest_route=\/wp\/v2\/types\/page"}],"author":[{"embeddable":true,"href":"https:\/\/hapidiving.be\/index.php?rest_route=\/wp\/v2\/users\/1"}],"replies":[{"embeddable":true,"href":"https:\/\/hapidiving.be\/index.php?rest_route=%2Fwp%2Fv2%2Fcomments&post=348"}],"version-history":[{"count":24,"href":"https:\/\/hapidiving.be\/index.php?rest_route=\/wp\/v2\/pages\/348\/revisions"}],"predecessor-version":[{"id":543,"href":"https:\/\/hapidiving.be\/index.php?rest_route=\/wp\/v2\/pages\/348\/revisions\/543"}],"wp:attachment":[{"href":"https:\/\/hapidiving.be\/index.php?rest_route=%2Fwp%2Fv2%2Fmedia&parent=348"}],"curies":[{"name":"wp","href":"https:\/\/api.w.org\/{rel}","templated":true}]}}